{"id":3,"date":"2024-12-12T22:15:29","date_gmt":"2024-12-12T22:15:29","guid":{"rendered":"https:\/\/apracingsupport.ch\/?page_id=3"},"modified":"2025-01-30T16:01:23","modified_gmt":"2025-01-30T16:01:23","slug":"impressum","status":"publish","type":"page","link":"https:\/\/apracingsupport.ch\/en\/impressum\/","title":{"rendered":""},"content":{"rendered":"<p><strong>AP Racing Support GmbH<\/strong><br>Hofstrasse 99<br>8620 Wetzikon ZH<br>Schweiz<\/p>\n\n\n\n<p><strong>Kontakt:<\/strong><br>Telefon: <a href=\"https:\/\/www.google.com\/search?q=ap+racing+support&amp;oq=ap+racing&amp;gs_lcrp=EgZjaHJvbWUqDAgAECMYJxiABBiKBTIMCAAQIxgnGIAEGIoFMg0IARAuGMcBGNEDGIAEMg0IAhAuGK8BGMcBGIAEMgcIAxAAGIAEMgcIBBAAGIAEMgYIBRBFGDwyBggGEEUYPDIGCAcQRRg80gEIMTU5OWoxajSoAgCwAgE&amp;sourceid=chrome&amp;ie=UTF-8#\">+41 44 932 40 00<\/a><br>E-Mail: cp@apracingsupport.ch<br>Webseite: <a href=\"https:\/\/apracingsupport.ch\/en\/\">www.apracingsupport.ch<\/a><\/p>\n\n\n\n<p><strong>Handelsregistereintrag:<\/strong><br>Eingetragen im Handelsregister des Kantons Z\u00fcrich<br>UID-Nummer: <em>CHE-233.347.842<\/em><\/p>\n\n\n\n<p><strong>Haftungsausschluss:<\/strong><br>Die Inhalte dieser Website wurden mit gr\u00f6\u00dfter Sorgfalt erstellt. F\u00fcr die Richtigkeit, Vollst\u00e4ndigkeit und Aktualit\u00e4t der Inhalte kann jedoch keine Gew\u00e4hr \u00fcbernommen werden.<\/p>\n\n\n\n<p><strong>Urheberrecht:<\/strong><br>Die auf dieser Website ver\u00f6ffentlichten Inhalte und Werke unterliegen dem schweizerischen Urheberrecht. Jegliche Vervielf\u00e4ltigung, Bearbeitung, Verbreitung und jede Art der Verwertung au\u00dferhalb der Grenzen des Urheberrechts bed\u00fcrfen der vorherigen schriftlichen Zustimmung der AP Racing Support GmbH oder des jeweiligen Rechteinhabers.<\/p>\n\n\n\n<p><strong>Haftung f\u00fcr Links:<\/strong><br>Diese Website kann Links zu externen Websites Dritter enthalten, auf deren Inhalte wir keinen Einfluss haben. Daher k\u00f6nnen wir f\u00fcr diese fremden Inhalte auch keine Gew\u00e4hr \u00fcbernehmen. F\u00fcr die Inhalte der verlinkten Seiten ist stets der jeweilige Anbieter oder Betreiber der Seiten verantwortlich.<\/p>","protected":false},"excerpt":{"rendered":"<p>AP Racing Support GmbHHofstrasse 998620 Wetzikon ZHSchweiz Kontakt:Telefon: +41 44 932 40 00E-Mail: cp@apracingsupport.chWebseite: www.apracingsupport.ch Handelsregistereintrag:Eingetragen im Handelsregister des Kantons Z\u00fcrichUID-Nummer: CHE-233.347.842 Haftungsausschluss:Die Inhalte dieser Website wurden mit gr\u00f6\u00dfter Sorgfalt erstellt. F\u00fcr die Richtigkeit, Vollst\u00e4ndigkeit und Aktualit\u00e4t der Inhalte kann jedoch keine Gew\u00e4hr \u00fcbernommen werden. Urheberrecht:Die auf dieser Website ver\u00f6ffentlichten Inhalte und Werke unterliegen dem&#8230;<\/p>","protected":false},"author":1,"featured_media":0,"parent":0,"menu_order":0,"comment_status":"closed","ping_status":"closed","template":"","meta":{"_joinchat":[],"footnotes":""},"class_list":["post-3","page","type-page","status-publish","hentry"],"_links":{"self":[{"href":"https:\/\/apracingsupport.ch\/en\/wp-json\/wp\/v2\/pages\/3","targetHints":{"allow":["GET"]}}],"collection":[{"href":"https:\/\/apracingsupport.ch\/en\/wp-json\/wp\/v2\/pages"}],"about":[{"href":"https:\/\/apracingsupport.ch\/en\/wp-json\/wp\/v2\/types\/page"}],"author":[{"embeddable":true,"href":"https:\/\/apracingsupport.ch\/en\/wp-json\/wp\/v2\/users\/1"}],"replies":[{"embeddable":true,"href":"https:\/\/apracingsupport.ch\/en\/wp-json\/wp\/v2\/comments?post=3"}],"version-history":[{"count":5,"href":"https:\/\/apracingsupport.ch\/en\/wp-json\/wp\/v2\/pages\/3\/revisions"}],"predecessor-version":[{"id":1062,"href":"https:\/\/apracingsupport.ch\/en\/wp-json\/wp\/v2\/pages\/3\/revisions\/1062"}],"wp:attachment":[{"href":"https:\/\/apracingsupport.ch\/en\/wp-json\/wp\/v2\/media?parent=3"}],"curies":[{"name":"wp","href":"https:\/\/api.w.org\/{rel}","templated":true}]}}