{"id":1213,"date":"2025-02-19T11:37:30","date_gmt":"2025-02-19T11:37:30","guid":{"rendered":"https:\/\/apracingsupport.ch\/?page_id=1213"},"modified":"2025-02-19T11:39:49","modified_gmt":"2025-02-19T11:39:49","slug":"engagement","status":"publish","type":"page","link":"https:\/\/apracingsupport.ch\/en\/engagement\/","title":{"rendered":""},"content":{"rendered":"<div data-elementor-type=\"wp-page\" data-elementor-id=\"1213\" class=\"elementor elementor-1213\">\n\t\t\t\t\t\t<section class=\"elementor-section elementor-top-section elementor-element elementor-element-0ca41f8 elementor-hidden-desktop elementor-hidden-tablet elementor-hidden-mobile elementor-section-boxed elementor-section-height-default elementor-section-height-default\" data-id=\"0ca41f8\" data-element_type=\"section\">\n\t\t\t\t\t\t<div class=\"elementor-container elementor-column-gap-default\">\n\t\t\t\t\t<div class=\"elementor-column elementor-col-25 elementor-top-column elementor-element elementor-element-c7681ea\" data-id=\"c7681ea\" data-element_type=\"column\">\n\t\t\t<div class=\"elementor-widget-wrap elementor-element-populated\">\n\t\t\t\t\t\t<div class=\"elementor-element elementor-element-8b1694d elementor-widget elementor-widget-counter\" data-id=\"8b1694d\" data-element_type=\"widget\" data-widget_type=\"counter.default\">\n\t\t\t\t<div class=\"elementor-widget-container\">\n\t\t\t\t\t<div class=\"elementor-counter\">\n\t\t\t<div class=\"elementor-counter-title\">Awards Won<\/div>\t\t\t<div class=\"elementor-counter-number-wrapper\">\n\t\t\t\t<span class=\"elementor-counter-number-prefix\"><\/span>\n\t\t\t\t<span class=\"elementor-counter-number\" data-duration=\"2000\" data-to-value=\"25\" data-from-value=\"0\" data-delimiter=\",\">0<\/span>\n\t\t\t\t<span class=\"elementor-counter-number-suffix\"><\/span>\n\t\t\t<\/div>\n\t\t<\/div>\n\t\t\t\t<\/div>\n\t\t\t\t<\/div>\n\t\t\t\t\t<\/div>\n\t\t<\/div>\n\t\t\t\t<div class=\"elementor-column elementor-col-25 elementor-top-column elementor-element elementor-element-a08c5ed\" data-id=\"a08c5ed\" data-element_type=\"column\">\n\t\t\t<div class=\"elementor-widget-wrap elementor-element-populated\">\n\t\t\t\t\t\t<div class=\"elementor-element elementor-element-c4319e8 elementor-widget elementor-widget-counter\" data-id=\"c4319e8\" data-element_type=\"widget\" data-widget_type=\"counter.default\">\n\t\t\t\t<div class=\"elementor-widget-container\">\n\t\t\t\t\t<div class=\"elementor-counter\">\n\t\t\t<div class=\"elementor-counter-title\">Projects Done<\/div>\t\t\t<div class=\"elementor-counter-number-wrapper\">\n\t\t\t\t<span class=\"elementor-counter-number-prefix\"><\/span>\n\t\t\t\t<span class=\"elementor-counter-number\" data-duration=\"2000\" data-to-value=\"67\" data-from-value=\"0\" data-delimiter=\",\">0<\/span>\n\t\t\t\t<span class=\"elementor-counter-number-suffix\"><\/span>\n\t\t\t<\/div>\n\t\t<\/div>\n\t\t\t\t<\/div>\n\t\t\t\t<\/div>\n\t\t\t\t\t<\/div>\n\t\t<\/div>\n\t\t\t\t<div class=\"elementor-column elementor-col-25 elementor-top-column elementor-element elementor-element-eae1e71\" data-id=\"eae1e71\" data-element_type=\"column\">\n\t\t\t<div class=\"elementor-widget-wrap elementor-element-populated\">\n\t\t\t\t\t\t<div class=\"elementor-element elementor-element-1abee8a elementor-widget elementor-widget-counter\" data-id=\"1abee8a\" data-element_type=\"widget\" data-widget_type=\"counter.default\">\n\t\t\t\t<div class=\"elementor-widget-container\">\n\t\t\t\t\t<div class=\"elementor-counter\">\n\t\t\t<div class=\"elementor-counter-title\">Happy Clients<\/div>\t\t\t<div class=\"elementor-counter-number-wrapper\">\n\t\t\t\t<span class=\"elementor-counter-number-prefix\"><\/span>\n\t\t\t\t<span class=\"elementor-counter-number\" data-duration=\"2000\" data-to-value=\"211\" data-from-value=\"0\" data-delimiter=\",\">0<\/span>\n\t\t\t\t<span class=\"elementor-counter-number-suffix\"><\/span>\n\t\t\t<\/div>\n\t\t<\/div>\n\t\t\t\t<\/div>\n\t\t\t\t<\/div>\n\t\t\t\t\t<\/div>\n\t\t<\/div>\n\t\t\t\t<div class=\"elementor-column elementor-col-25 elementor-top-column elementor-element elementor-element-0a31be8\" data-id=\"0a31be8\" data-element_type=\"column\">\n\t\t\t<div class=\"elementor-widget-wrap elementor-element-populated\">\n\t\t\t\t\t\t<div class=\"elementor-element elementor-element-7fbf6d4 elementor-widget elementor-widget-counter\" data-id=\"7fbf6d4\" data-element_type=\"widget\" data-widget_type=\"counter.default\">\n\t\t\t\t<div class=\"elementor-widget-container\">\n\t\t\t\t\t<div class=\"elementor-counter\">\n\t\t\t<div class=\"elementor-counter-title\">Greatest Shots<\/div>\t\t\t<div class=\"elementor-counter-number-wrapper\">\n\t\t\t\t<span class=\"elementor-counter-number-prefix\"><\/span>\n\t\t\t\t<span class=\"elementor-counter-number\" data-duration=\"2000\" data-to-value=\"5896\" data-from-value=\"0\">0<\/span>\n\t\t\t\t<span class=\"elementor-counter-number-suffix\"><\/span>\n\t\t\t<\/div>\n\t\t<\/div>\n\t\t\t\t<\/div>\n\t\t\t\t<\/div>\n\t\t\t\t\t<\/div>\n\t\t<\/div>\n\t\t\t\t\t<\/div>\n\t\t<\/section>\n\t\t\t\t<section class=\"elementor-section elementor-top-section elementor-element elementor-element-9e9ee51 elementor-section-boxed elementor-section-height-default elementor-section-height-default\" data-id=\"9e9ee51\" data-element_type=\"section\">\n\t\t\t\t\t\t<div class=\"elementor-container elementor-column-gap-default\">\n\t\t\t\t\t<div class=\"elementor-column elementor-col-100 elementor-top-column elementor-element elementor-element-cad8326\" data-id=\"cad8326\" data-element_type=\"column\">\n\t\t\t<div class=\"elementor-widget-wrap elementor-element-populated\">\n\t\t\t\t\t\t<div class=\"elementor-element elementor-element-21bd96e elementor-widget elementor-widget-heading\" data-id=\"21bd96e\" data-element_type=\"widget\" data-widget_type=\"heading.default\">\n\t\t\t\t<div class=\"elementor-widget-container\">\n\t\t\t<h3 class=\"elementor-heading-title elementor-size-default\">\nEngagement<\/h3>\t\t<\/div>\n\t\t\t\t<\/div>\n\t\t\t\t<div class=\"elementor-element elementor-element-31b09db elementor-widget elementor-widget-text-editor\" data-id=\"31b09db\" data-element_type=\"widget\" data-widget_type=\"text-editor.default\">\n\t\t\t\t<div class=\"elementor-widget-container\">\n\t\t\t\t\t\t\t<p data-pm-slice=\"0 0 []\">AP Racing Support GmbH gets involved wherever more than just profit and success are at stake. Projects, partnerships, social initiatives, and much more keep us busy and drive our commitment. We are proud to actively support the following groups and organizations:<\/p>\t\t\t\t\t\t<\/div>\n\t\t\t\t<\/div>\n\t\t<div class=\"elementor-element elementor-element-452c6bd e-grid e-con-boxed e-con e-parent\" data-id=\"452c6bd\" data-element_type=\"container\">\n\t\t\t\t\t<div class=\"e-con-inner\">\n\t\t\t\t<div class=\"elementor-element elementor-element-d80c34b elementor-widget elementor-widget-image\" data-id=\"d80c34b\" data-element_type=\"widget\" data-widget_type=\"image.default\">\n\t\t\t\t<div class=\"elementor-widget-container\">\n\t\t\t\t\t\t\t\t\t\t\t\t\t\t<a href=\"https:\/\/www.greenhope.ch\/\">\n\t\t\t\t\t\t\t<img fetchpriority=\"high\" decoding=\"async\" width=\"400\" height=\"200\" src=\"https:\/\/apracingsupport.ch\/wp-content\/uploads\/2025\/02\/logo-greenhope-1.jpg\" class=\"attachment-large size-large wp-image-1168\" alt=\"\" srcset=\"https:\/\/apracingsupport.ch\/wp-content\/uploads\/2025\/02\/logo-greenhope-1.jpg 400w, https:\/\/apracingsupport.ch\/wp-content\/uploads\/2025\/02\/logo-greenhope-1-300x150.jpg 300w, https:\/\/apracingsupport.ch\/wp-content\/uploads\/2025\/02\/logo-greenhope-1-18x9.jpg 18w\" sizes=\"(max-width: 400px) 100vw, 400px\" \/>\t\t\t\t\t\t\t\t<\/a>\n\t\t\t\t\t\t\t\t\t\t\t\t\t<\/div>\n\t\t\t\t<\/div>\n\t\t\t\t<div class=\"elementor-element elementor-element-935e7d3 elementor-widget elementor-widget-image\" data-id=\"935e7d3\" data-element_type=\"widget\" data-widget_type=\"image.default\">\n\t\t\t\t<div class=\"elementor-widget-container\">\n\t\t\t\t\t\t\t\t\t\t\t\t\t<img decoding=\"async\" width=\"400\" height=\"200\" src=\"https:\/\/apracingsupport.ch\/wp-content\/uploads\/2025\/02\/Design-ohne-Titel-33-modified.png\" class=\"attachment-large size-large wp-image-1171\" alt=\"\" srcset=\"https:\/\/apracingsupport.ch\/wp-content\/uploads\/2025\/02\/Design-ohne-Titel-33-modified.png 400w, https:\/\/apracingsupport.ch\/wp-content\/uploads\/2025\/02\/Design-ohne-Titel-33-modified-300x150.png 300w, https:\/\/apracingsupport.ch\/wp-content\/uploads\/2025\/02\/Design-ohne-Titel-33-modified-18x9.png 18w\" sizes=\"(max-width: 400px) 100vw, 400px\" \/>\t\t\t\t\t\t\t\t\t\t\t\t\t<\/div>\n\t\t\t\t<\/div>\n\t\t\t\t\t<\/div>\n\t\t\t\t<\/div>\n\t\t\t\t\t<\/div>\n\t\t<\/div>\n\t\t\t\t\t<\/div>\n\t\t<\/section>\n\t\t\t\t<section class=\"elementor-section elementor-top-section elementor-element elementor-element-60aeee0 elementor-hidden-desktop elementor-hidden-tablet elementor-hidden-mobile elementor-section-boxed elementor-section-height-default elementor-section-height-default\" data-id=\"60aeee0\" data-element_type=\"section\">\n\t\t\t\t\t\t<div class=\"elementor-container elementor-column-gap-default\">\n\t\t\t\t\t<div class=\"elementor-column elementor-col-100 elementor-top-column elementor-element elementor-element-70a1bd5\" data-id=\"70a1bd5\" data-element_type=\"column\">\n\t\t\t<div class=\"elementor-widget-wrap elementor-element-populated\">\n\t\t\t\t\t\t<div class=\"elementor-element elementor-element-e5ee0fe shadowcore-divider-icon--yes elementor-widget elementor-widget-shadow-before-after\" data-id=\"e5ee0fe\" data-element_type=\"widget\" data-widget_type=\"shadow-before-after.default\">\n\t\t\t\t<div class=\"elementor-widget-container\">\n\t\t\t\t\t<div class=\"shadowcore-before-after\" \n\t\t\tdata-img-before=\"https:\/\/apracingsupport.ch\/wp-content\/uploads\/2020\/01\/IMG-20200202-WA0000.jpg\" \n\t\t\tdata-img-after=\"https:\/\/apracingsupport.ch\/wp-content\/uploads\/2020\/01\/IMG-20200202-WA0000.jpg\">\n\t\t\t<img \n    \t\t\tsrc=\"data:image\/svg+xml,%3Csvg%20xmlns='http:\/\/www.w3.org\/2000\/svg'%20viewBox='0%200%201024%20560'%3E%3C\/svg%3E\"\n      \t\t\talt=\"\" \n       \t\t\twidth=\"1024\" \n       \t\t\theight=\"560\">\n        <\/div><!-- .shadowcore-before-after -->\n\t\t\t\t<\/div>\n\t\t\t\t<\/div>\n\t\t\t\t\t<\/div>\n\t\t<\/div>\n\t\t\t\t\t<\/div>\n\t\t<\/section>\n\t\t\t\t<section class=\"elementor-section elementor-top-section elementor-element elementor-element-26b1d17 elementor-hidden-desktop elementor-hidden-tablet elementor-hidden-mobile elementor-section-boxed elementor-section-height-default elementor-section-height-default\" data-id=\"26b1d17\" data-element_type=\"section\">\n\t\t\t\t\t\t<div class=\"elementor-container elementor-column-gap-default\">\n\t\t\t\t\t<div class=\"elementor-column elementor-col-100 elementor-top-column elementor-element elementor-element-36eab33\" data-id=\"36eab33\" data-element_type=\"column\">\n\t\t\t<div class=\"elementor-widget-wrap elementor-element-populated\">\n\t\t\t\t\t\t<div class=\"elementor-element elementor-element-13176c0 elementor-widget elementor-widget-heading\" data-id=\"13176c0\" data-element_type=\"widget\" data-widget_type=\"heading.default\">\n\t\t\t\t<div class=\"elementor-widget-container\">\n\t\t\t<h3 class=\"elementor-heading-title elementor-size-default\"><span>How does this happen<\/span>\nPhoto Processing<\/h3>\t\t<\/div>\n\t\t\t\t<\/div>\n\t\t\t\t\t<\/div>\n\t\t<\/div>\n\t\t\t\t\t<\/div>\n\t\t<\/section>\n\t\t\t\t<section class=\"elementor-section elementor-top-section elementor-element elementor-element-f36cc73 elementor-hidden-desktop elementor-hidden-tablet elementor-hidden-mobile elementor-section-boxed elementor-section-height-default elementor-section-height-default\" data-id=\"f36cc73\" data-element_type=\"section\">\n\t\t\t\t\t\t<div class=\"elementor-container elementor-column-gap-default\">\n\t\t\t\t\t<div class=\"elementor-column elementor-col-33 elementor-top-column elementor-element elementor-element-7cd738f elementor-hidden-tablet elementor-hidden-phone\" data-id=\"7cd738f\" data-element_type=\"column\">\n\t\t\t<div class=\"elementor-widget-wrap\">\n\t\t\t\t\t\t\t<\/div>\n\t\t<\/div>\n\t\t\t\t<div class=\"elementor-column elementor-col-33 elementor-top-column elementor-element elementor-element-ec7567c\" data-id=\"ec7567c\" data-element_type=\"column\">\n\t\t\t<div class=\"elementor-widget-wrap elementor-element-populated\">\n\t\t\t\t\t\t<div class=\"elementor-element elementor-element-997911e shadowcore-op-above--yes shadowcore-testimonials-layout--horizontal shadowcore-swap-head--no shadowcore-swap-cotent--no elementor-widget elementor-widget-shadow-testimonials-carousel\" data-id=\"997911e\" data-element_type=\"widget\" data-widget_type=\"shadow-testimonials-carousel.default\">\n\t\t\t\t<div class=\"elementor-widget-container\">\n\t\t\t\t\t<div class=\"shadowcore-testimonials-carousel\">\n\t\t\t<div class=\"shadowcore-owl-container owl-carousel owl-theme\" id=\"997911e\" data-gutter=\"40\" data-speed=\"1000\">\n\t\t\t\t\t\t\t<div class=\"shadowcore-testimonials-item align-center swiper-slide\">\n\t\t\t\t\t<div class=\"shadowcore-testimonials-item__content\">\n\t\t\t\t\t\t<p>I&#039;m not a professional model, but i like good photos, i like to look pretty on my instagram channel and also i like to earn some money on stock photos. Andrew helps me in all of this and much more. Fantastic professional. Lot of thanks!<\/p>\n\t\t\t\t\t<\/div><!-- .shadowcore-testimonials-item__content -->\n\t\t\t\t\t<div class=\"shadowcore-testimonials-item__author\">\n\t\t\t\t\t\t<div class=\"shadowcore-testimonials-item__author--image\">\n\t\t\t\t\t\t\t<div class=\"shadowcore-gallery-image shadowcore-div-image\" data-src=\"https:\/\/apracingsupport.ch\/wp-content\/uploads\/2020\/01\/testimonial01.jpg\">\n\t\t\t\t\t\t\t\t<img \n\t\t\t\t\t\t\t\tsrc=\"data:image\/svg+xml,%3Csvg%20xmlns='http:\/\/www.w3.org\/2000\/svg'%20viewBox='0%200%20300%20300'%3E%3C\/svg%3E\"\n\t\t\t\t\t\t\t\talt=\"Elizabeth Shown\">\n\t\t\t\t\t\t\t<\/div>\n\t\t\t\t\t\t<\/div>\n\t\t\t\t\t\t<div class=\"shadowcore-testimonials-item__author--name\">\n\t\t\t\t\t\t\t<span>Instagram Model<\/span>\n\t\t\t\t\t\t\tElizabeth Shown\t\t\t\t\t\t\t<span>Instagram Model<\/span>\n\t\t\t\t\t\t<\/div>\n\t\t\t\t\t<\/div><!-- .shadowcore-testimonials-item__author -->\n\t\t\t\t<\/div><!-- .shadowcore-testimonials-item -->\n\t\t\t\t\t\t\t\t<div class=\"shadowcore-testimonials-item align-center swiper-slide\">\n\t\t\t\t\t<div class=\"shadowcore-testimonials-item__content\">\n\t\t\t\t\t\t<p>I am a web developer. And, as known, good clipart is a half of successful web design. Today is not so easy to find realy good photos for website. And one day I have ordered a clipart for my new project and his works are fit just amazing!<\/p>\n\t\t\t\t\t<\/div><!-- .shadowcore-testimonials-item__content -->\n\t\t\t\t\t<div class=\"shadowcore-testimonials-item__author\">\n\t\t\t\t\t\t<div class=\"shadowcore-testimonials-item__author--image\">\n\t\t\t\t\t\t\t<div class=\"shadowcore-gallery-image shadowcore-div-image\" data-src=\"https:\/\/apracingsupport.ch\/wp-content\/uploads\/2020\/01\/testimonial02.jpg\">\n\t\t\t\t\t\t\t\t<img \n\t\t\t\t\t\t\t\tsrc=\"data:image\/svg+xml,%3Csvg%20xmlns='http:\/\/www.w3.org\/2000\/svg'%20viewBox='0%200%20300%20300'%3E%3C\/svg%3E\"\n\t\t\t\t\t\t\t\talt=\"Tony Norton\">\n\t\t\t\t\t\t\t<\/div>\n\t\t\t\t\t\t<\/div>\n\t\t\t\t\t\t<div class=\"shadowcore-testimonials-item__author--name\">\n\t\t\t\t\t\t\t<span>Web Designer<\/span>\n\t\t\t\t\t\t\tTony Norton\t\t\t\t\t\t\t<span>Web Designer<\/span>\n\t\t\t\t\t\t<\/div>\n\t\t\t\t\t<\/div><!-- .shadowcore-testimonials-item__author -->\n\t\t\t\t<\/div><!-- .shadowcore-testimonials-item -->\n\t\t\t\t\t\t\t\t<div class=\"shadowcore-testimonials-item align-center swiper-slide\">\n\t\t\t\t\t<div class=\"shadowcore-testimonials-item__content\">\n\t\t\t\t\t\t<p>Andrew was our wedding photographer. He was help us to save our brightest moment of life in fantastic photos! And it looks brilliant. He managed to clearly convey all the emotions of the event in his photos. Thank you, Andrew!<\/p>\n\t\t\t\t\t<\/div><!-- .shadowcore-testimonials-item__content -->\n\t\t\t\t\t<div class=\"shadowcore-testimonials-item__author\">\n\t\t\t\t\t\t<div class=\"shadowcore-testimonials-item__author--image\">\n\t\t\t\t\t\t\t<div class=\"shadowcore-gallery-image shadowcore-div-image\" data-src=\"https:\/\/apracingsupport.ch\/wp-content\/uploads\/2020\/01\/testimonial03.jpg\">\n\t\t\t\t\t\t\t\t<img \n\t\t\t\t\t\t\t\tsrc=\"data:image\/svg+xml,%3Csvg%20xmlns='http:\/\/www.w3.org\/2000\/svg'%20viewBox='0%200%20300%20300'%3E%3C\/svg%3E\"\n\t\t\t\t\t\t\t\talt=\"Traci Harden\">\n\t\t\t\t\t\t\t<\/div>\n\t\t\t\t\t\t<\/div>\n\t\t\t\t\t\t<div class=\"shadowcore-testimonials-item__author--name\">\n\t\t\t\t\t\t\t<span>Happy Wife<\/span>\n\t\t\t\t\t\t\tTraci Harden\t\t\t\t\t\t\t<span>Happy Wife<\/span>\n\t\t\t\t\t\t<\/div>\n\t\t\t\t\t<\/div><!-- .shadowcore-testimonials-item__author -->\n\t\t\t\t<\/div><!-- .shadowcore-testimonials-item -->\n\t\t\t\t\t\t\t\t<div class=\"shadowcore-testimonials-item align-center swiper-slide\">\n\t\t\t\t\t<div class=\"shadowcore-testimonials-item__content\">\n\t\t\t\t\t\t<p>I am a beginner model. Since childhood I dreamed of becoming a photo model. Andrew helped me make a gorgeous portfolio photo and now I receive many offers from well-known agencies. I am very grateful to Andrew for his work.<\/p>\n\t\t\t\t\t<\/div><!-- .shadowcore-testimonials-item__content -->\n\t\t\t\t\t<div class=\"shadowcore-testimonials-item__author\">\n\t\t\t\t\t\t<div class=\"shadowcore-testimonials-item__author--image\">\n\t\t\t\t\t\t\t<div class=\"shadowcore-gallery-image shadowcore-div-image\" data-src=\"https:\/\/apracingsupport.ch\/wp-content\/uploads\/2020\/01\/testimonial04.jpg\">\n\t\t\t\t\t\t\t\t<img \n\t\t\t\t\t\t\t\tsrc=\"data:image\/svg+xml,%3Csvg%20xmlns='http:\/\/www.w3.org\/2000\/svg'%20viewBox='0%200%20300%20300'%3E%3C\/svg%3E\"\n\t\t\t\t\t\t\t\talt=\"Nelle Niles\">\n\t\t\t\t\t\t\t<\/div>\n\t\t\t\t\t\t<\/div>\n\t\t\t\t\t\t<div class=\"shadowcore-testimonials-item__author--name\">\n\t\t\t\t\t\t\t<span>Beginner Model<\/span>\n\t\t\t\t\t\t\tNelle Niles\t\t\t\t\t\t\t<span>Beginner Model<\/span>\n\t\t\t\t\t\t<\/div>\n\t\t\t\t\t<\/div><!-- .shadowcore-testimonials-item__author -->\n\t\t\t\t<\/div><!-- .shadowcore-testimonials-item -->\n\t\t\t\t\t\t\t\t<div class=\"shadowcore-testimonials-item align-center swiper-slide\">\n\t\t\t\t\t<div class=\"shadowcore-testimonials-item__content\">\n\t\t\t\t\t\t<p>Andrew work for our agency When I only became to be a model. He is my first experience and my first professional photographer. That was a long time ago and now I sometimes appeal to Andrew for private photo shoots.<\/p>\n\t\t\t\t\t<\/div><!-- .shadowcore-testimonials-item__content -->\n\t\t\t\t\t<div class=\"shadowcore-testimonials-item__author\">\n\t\t\t\t\t\t<div class=\"shadowcore-testimonials-item__author--image\">\n\t\t\t\t\t\t\t<div class=\"shadowcore-gallery-image shadowcore-div-image\" data-src=\"https:\/\/apracingsupport.ch\/wp-content\/uploads\/2020\/01\/testimonial05.jpg\">\n\t\t\t\t\t\t\t\t<img \n\t\t\t\t\t\t\t\tsrc=\"data:image\/svg+xml,%3Csvg%20xmlns='http:\/\/www.w3.org\/2000\/svg'%20viewBox='0%200%20300%20300'%3E%3C\/svg%3E\"\n\t\t\t\t\t\t\t\talt=\"Betty Janson\">\n\t\t\t\t\t\t\t<\/div>\n\t\t\t\t\t\t<\/div>\n\t\t\t\t\t\t<div class=\"shadowcore-testimonials-item__author--name\">\n\t\t\t\t\t\t\t<span>Agency Manager<\/span>\n\t\t\t\t\t\t\tBetty Janson\t\t\t\t\t\t\t<span>Agency Manager<\/span>\n\t\t\t\t\t\t<\/div>\n\t\t\t\t\t<\/div><!-- .shadowcore-testimonials-item__author -->\n\t\t\t\t<\/div><!-- .shadowcore-testimonials-item -->\n\t\t\t\t\t\t\t<\/div><!-- .shadowcore-testimonials-carousel -->\n\t\t<\/div><!-- .shadowcore-tns-container -->\n\t\t\t\t<\/div>\n\t\t\t\t<\/div>\n\t\t\t\t\t<\/div>\n\t\t<\/div>\n\t\t\t\t<div class=\"elementor-column elementor-col-33 elementor-top-column elementor-element elementor-element-d116950 elementor-hidden-tablet elementor-hidden-phone\" data-id=\"d116950\" data-element_type=\"column\">\n\t\t\t<div class=\"elementor-widget-wrap\">\n\t\t\t\t\t\t\t<\/div>\n\t\t<\/div>\n\t\t\t\t\t<\/div>\n\t\t<\/section>\n\t\t\t\t<\/div>","protected":false},"excerpt":{"rendered":"<p>Awards Won 0 Projects Done 0 Happy Clients 0 Greatest Shots 0 Engagement Die AP Racing Support GmbH bringt sich \u00fcberall dort ein, wo nicht nur Gewinn und Erfolg im Vordergrund stehen. Projekte, Partnerschaften, soziale Themen und vieles mehr besch\u00e4ftigen uns und sind Treiber f\u00fcr unser Engagement. Wir freuen uns, folgende Personengruppen und Vereine tatkr\u00e4ftig&#8230;<\/p>","protected":false},"author":1,"featured_media":0,"parent":0,"menu_order":0,"comment_status":"closed","ping_status":"closed","template":"","meta":{"_joinchat":[],"footnotes":""},"class_list":["post-1213","page","type-page","status-publish","hentry"],"_links":{"self":[{"href":"https:\/\/apracingsupport.ch\/en\/wp-json\/wp\/v2\/pages\/1213","targetHints":{"allow":["GET"]}}],"collection":[{"href":"https:\/\/apracingsupport.ch\/en\/wp-json\/wp\/v2\/pages"}],"about":[{"href":"https:\/\/apracingsupport.ch\/en\/wp-json\/wp\/v2\/types\/page"}],"author":[{"embeddable":true,"href":"https:\/\/apracingsupport.ch\/en\/wp-json\/wp\/v2\/users\/1"}],"replies":[{"embeddable":true,"href":"https:\/\/apracingsupport.ch\/en\/wp-json\/wp\/v2\/comments?post=1213"}],"version-history":[{"count":10,"href":"https:\/\/apracingsupport.ch\/en\/wp-json\/wp\/v2\/pages\/1213\/revisions"}],"predecessor-version":[{"id":1223,"href":"https:\/\/apracingsupport.ch\/en\/wp-json\/wp\/v2\/pages\/1213\/revisions\/1223"}],"wp:attachment":[{"href":"https:\/\/apracingsupport.ch\/en\/wp-json\/wp\/v2\/media?parent=1213"}],"curies":[{"name":"wp","href":"https:\/\/api.w.org\/{rel}","templated":true}]}}